{"id":72,"date":"2020-09-27T13:15:46","date_gmt":"2020-09-27T11:15:46","guid":{"rendered":"https:\/\/reva-soluna.de\/?page_id=72"},"modified":"2025-04-19T14:45:00","modified_gmt":"2025-04-19T12:45:00","slug":"beutel-42","status":"publish","type":"page","link":"https:\/\/reva-soluna.de\/?page_id=72","title":{"rendered":"Powercamp"},"content":{"rendered":"\t\t<div data-elementor-type=\"wp-page\" data-elementor-id=\"72\" class=\"elementor elementor-72\" data-elementor-post-type=\"page\">\n\t\t\t\t\t\t<section class=\"elementor-section elementor-top-section elementor-element elementor-element-77c6ce5 elementor-section-boxed elementor-section-height-default elementor-section-height-default\" data-id=\"77c6ce5\" data-element_type=\"section\" data-e-type=\"section\">\n\t\t\t\t\t\t<div class=\"elementor-container elementor-column-gap-default\">\n\t\t\t\t\t<div class=\"elementor-column elementor-col-50 elementor-top-column elementor-element elementor-element-8abb0c5\" data-id=\"8abb0c5\" data-element_type=\"column\" data-e-type=\"column\">\n\t\t\t<div class=\"elementor-widget-wrap elementor-element-populated\">\n\t\t\t\t\t\t<div class=\"elementor-element elementor-element-68252d0 elementor-widget elementor-widget-image\" data-id=\"68252d0\" data-element_type=\"widget\" data-e-type=\"widget\" data-widget_type=\"image.default\">\n\t\t\t\t<div class=\"elementor-widget-container\">\n\t\t\t\t\t\t\t\t\t\t\t\t\t\t\t<img fetchpriority=\"high\" decoding=\"async\" width=\"800\" height=\"534\" src=\"https:\/\/reva-soluna.de\/wp-content\/uploads\/2025\/04\/iStock-1066259678-1024x683.jpg\" class=\"attachment-large size-large wp-image-442\" alt=\"\" srcset=\"https:\/\/reva-soluna.de\/wp-content\/uploads\/2025\/04\/iStock-1066259678-1024x683.jpg 1024w, https:\/\/reva-soluna.de\/wp-content\/uploads\/2025\/04\/iStock-1066259678-300x200.jpg 300w, https:\/\/reva-soluna.de\/wp-content\/uploads\/2025\/04\/iStock-1066259678-768x512.jpg 768w, https:\/\/reva-soluna.de\/wp-content\/uploads\/2025\/04\/iStock-1066259678-1536x1024.jpg 1536w, https:\/\/reva-soluna.de\/wp-content\/uploads\/2025\/04\/iStock-1066259678-2048x1365.jpg 2048w\" sizes=\"(max-width: 800px) 100vw, 800px\" \/>\t\t\t\t\t\t\t\t\t\t\t\t\t\t\t<\/div>\n\t\t\t\t<\/div>\n\t\t\t\t\t<\/div>\n\t\t<\/div>\n\t\t\t\t<div class=\"elementor-column elementor-col-50 elementor-top-column elementor-element elementor-element-93b8890\" data-id=\"93b8890\" data-element_type=\"column\" data-e-type=\"column\">\n\t\t\t<div class=\"elementor-widget-wrap elementor-element-populated\">\n\t\t\t\t\t\t<div class=\"elementor-element elementor-element-f39b736 elementor-widget elementor-widget-text-editor\" data-id=\"f39b736\" data-element_type=\"widget\" data-e-type=\"widget\" data-widget_type=\"text-editor.default\">\n\t\t\t\t<div class=\"elementor-widget-container\">\n\t\t\t\t\t\t\t\t\t<p>Brauchst du einen Arschtritt?<\/p>\n<p>M\u00f6chtest du mal Abwechslung zum Joggen oder Fahrrad fahren an der frischen Luft? Brauchst du den Arschtritt um deine Komfortzone zu verlassen?<\/p>\n<p>Dann habe ich etwas f\u00fcr dich. Power, Energie, gute Laune und Schwei\u00df werden dich perfekt in den Tag starten lassen. Die Kombination aus Kraft- und Ausdauer\u00fcbungen kurbelt deinen Kalorienverbrauch an, st\u00e4rkt deine Muskulatur auf und verbessert deine Ausdauer.<\/p>\n<p>Dein Fitnesslevel spielt keine Rolle, ich passe die \u00dcbungen auf dich an. Perfekt f\u00fcr die ganze Familie.<\/p>\t\t\t\t\t\t\t\t<\/div>\n\t\t\t\t<\/div>\n\t\t\t\t\t<\/div>\n\t\t<\/div>\n\t\t\t\t\t<\/div>\n\t\t<\/section>\n\t\t\t\t<\/div>\n\t\t","protected":false},"excerpt":{"rendered":"<p>Brauchst du einen Arschtritt? M\u00f6chtest du mal Abwechslung zum Joggen oder Fahrrad fahren an der frischen Luft? Brauchst du den Arschtritt um deine Komfortzone zu verlassen? Dann habe ich etwas f\u00fcr dich. Power, Energie, gute Laune und Schwei\u00df werden dich perfekt in den Tag starten lassen. Die Kombination aus Kraft- und Ausdauer\u00fcbungen kurbelt deinen Kalorienverbrauch [&hellip;]<\/p>\n","protected":false},"author":1,"featured_media":0,"parent":0,"menu_order":0,"comment_status":"closed","ping_status":"closed","template":"","meta":{"footnotes":""},"class_list":["post-72","page","type-page","status-publish","hentry"],"_links":{"self":[{"href":"https:\/\/reva-soluna.de\/index.php?rest_route=\/wp\/v2\/pages\/72","targetHints":{"allow":["GET"]}}],"collection":[{"href":"https:\/\/reva-soluna.de\/index.php?rest_route=\/wp\/v2\/pages"}],"about":[{"href":"https:\/\/reva-soluna.de\/index.php?rest_route=\/wp\/v2\/types\/page"}],"author":[{"embeddable":true,"href":"https:\/\/reva-soluna.de\/index.php?rest_route=\/wp\/v2\/users\/1"}],"replies":[{"embeddable":true,"href":"https:\/\/reva-soluna.de\/index.php?rest_route=%2Fwp%2Fv2%2Fcomments&post=72"}],"version-history":[{"count":12,"href":"https:\/\/reva-soluna.de\/index.php?rest_route=\/wp\/v2\/pages\/72\/revisions"}],"predecessor-version":[{"id":597,"href":"https:\/\/reva-soluna.de\/index.php?rest_route=\/wp\/v2\/pages\/72\/revisions\/597"}],"wp:attachment":[{"href":"https:\/\/reva-soluna.de\/index.php?rest_route=%2Fwp%2Fv2%2Fmedia&parent=72"}],"curies":[{"name":"wp","href":"https:\/\/api.w.org\/{rel}","templated":true}]}}