{"id":58,"date":"2020-09-27T12:51:08","date_gmt":"2020-09-27T10:51:08","guid":{"rendered":"https:\/\/reva-soluna.de\/?page_id=58"},"modified":"2025-04-19T14:23:11","modified_gmt":"2025-04-19T12:23:11","slug":"trainer-maike-beckmann","status":"publish","type":"page","link":"https:\/\/reva-soluna.de\/?page_id=58","title":{"rendered":"Maike Beckmann"},"content":{"rendered":"\t\t<div data-elementor-type=\"wp-page\" data-elementor-id=\"58\" class=\"elementor elementor-58\" data-elementor-post-type=\"page\">\n\t\t\t\t\t\t<section class=\"elementor-section elementor-top-section elementor-element elementor-element-720e4ec elementor-section-boxed elementor-section-height-default elementor-section-height-default\" data-id=\"720e4ec\" data-element_type=\"section\" data-e-type=\"section\">\n\t\t\t\t\t\t<div class=\"elementor-container elementor-column-gap-default\">\n\t\t\t\t\t<div class=\"elementor-column elementor-col-100 elementor-top-column elementor-element elementor-element-108ef10\" data-id=\"108ef10\" data-element_type=\"column\" data-e-type=\"column\">\n\t\t\t<div class=\"elementor-widget-wrap elementor-element-populated\">\n\t\t\t\t\t\t<section class=\"elementor-section elementor-inner-section elementor-element elementor-element-b180d71 elementor-section-boxed elementor-section-height-default elementor-section-height-default\" data-id=\"b180d71\" data-element_type=\"section\" data-e-type=\"section\">\n\t\t\t\t\t\t<div class=\"elementor-container elementor-column-gap-default\">\n\t\t\t\t\t<div class=\"elementor-column elementor-col-50 elementor-inner-column elementor-element elementor-element-c35f60a\" data-id=\"c35f60a\" data-element_type=\"column\" data-e-type=\"column\">\n\t\t\t<div class=\"elementor-widget-wrap elementor-element-populated\">\n\t\t\t\t\t\t<div class=\"elementor-element elementor-element-278c7c4 elementor-widget elementor-widget-image\" data-id=\"278c7c4\" data-element_type=\"widget\" data-e-type=\"widget\" data-settings=\"{&quot;motion_fx_motion_fx_scrolling&quot;:&quot;yes&quot;,&quot;motion_fx_translateY_effect&quot;:&quot;yes&quot;,&quot;motion_fx_translateY_speed&quot;:{&quot;unit&quot;:&quot;px&quot;,&quot;size&quot;:10,&quot;sizes&quot;:[]},&quot;motion_fx_translateY_affectedRange&quot;:{&quot;unit&quot;:&quot;%&quot;,&quot;size&quot;:&quot;&quot;,&quot;sizes&quot;:{&quot;start&quot;:0,&quot;end&quot;:100}},&quot;motion_fx_devices&quot;:[&quot;desktop&quot;,&quot;tablet&quot;,&quot;mobile&quot;]}\" data-widget_type=\"image.default\">\n\t\t\t\t<div class=\"elementor-widget-container\">\n\t\t\t\t\t\t\t\t\t\t\t\t\t\t\t<img fetchpriority=\"high\" decoding=\"async\" width=\"768\" height=\"1152\" src=\"https:\/\/reva-soluna.de\/wp-content\/uploads\/2021\/03\/IMG_1599-22-768x1152.jpg\" class=\"attachment-medium_large size-medium_large wp-image-227\" alt=\"\" srcset=\"https:\/\/reva-soluna.de\/wp-content\/uploads\/2021\/03\/IMG_1599-22-768x1152.jpg 768w, https:\/\/reva-soluna.de\/wp-content\/uploads\/2021\/03\/IMG_1599-22-200x300.jpg 200w, https:\/\/reva-soluna.de\/wp-content\/uploads\/2021\/03\/IMG_1599-22-683x1024.jpg 683w, https:\/\/reva-soluna.de\/wp-content\/uploads\/2021\/03\/IMG_1599-22-1024x1536.jpg 1024w, https:\/\/reva-soluna.de\/wp-content\/uploads\/2021\/03\/IMG_1599-22-1365x2048.jpg 1365w, https:\/\/reva-soluna.de\/wp-content\/uploads\/2021\/03\/IMG_1599-22-scaled.jpg 1707w\" sizes=\"(max-width: 768px) 100vw, 768px\" \/>\t\t\t\t\t\t\t\t\t\t\t\t\t\t\t<\/div>\n\t\t\t\t<\/div>\n\t\t\t\t\t<\/div>\n\t\t<\/div>\n\t\t\t\t<div class=\"elementor-column elementor-col-50 elementor-inner-column elementor-element elementor-element-5ca4381\" data-id=\"5ca4381\" data-element_type=\"column\" data-e-type=\"column\">\n\t\t\t<div class=\"elementor-widget-wrap elementor-element-populated\">\n\t\t\t\t\t\t<div class=\"elementor-element elementor-element-1e46fa1 elementor-widget elementor-widget-text-editor\" data-id=\"1e46fa1\" data-element_type=\"widget\" data-e-type=\"widget\" data-widget_type=\"text-editor.default\">\n\t\t\t\t<div class=\"elementor-widget-container\">\n\t\t\t\t\t\t\t\t\t<p>Wer bin ich:<\/p>\n<p>Mein Vorbild ist Pippi Langstrumpf. Leichtigkeit und Freude am Leben, wir haben doch nur dieses eine Leben.\u00a0<\/p>\n<p>Der Alltag wird immer stressiger. Ein gesunder Lebensstil f\u00e4llt oft hinten runter. Ziel ist es immer \u00e4lter zu werden und viel zu erleben. Und genau daf\u00fcr ist ein gesunder und starker K\u00f6rper essenziell.<\/p>\n<p>Der Alltag ver\u00e4ndert sich permanent. Der Einstieg ins Berufsleben, die Gr\u00fcndung einer Familie, unvorhergesehene Ver\u00e4nderungen wie Pflege eines Angeh\u00f6rigen, oder, oder, oder.<\/p>\n<p>Mit zwei Kindern wei\u00df ich wie herausfordern, unplanm\u00e4\u00dfig und stressig der Alltag sein kann. Ich bin regelm\u00e4\u00dfig am straucheln und erfinde mich und meinen Alltag dauernd neu. Sport ist f\u00fcr mich unumg\u00e4nglich und aktuell meine einzige feste Regelm\u00e4\u00dfigkeit.<\/p>\n<p>Mit der Ausbildung zur Fitness- und Gesundheitstrainerin hat bei mir alles begonnen. Im Fitnessstudio habe ich Kurse angeleitet und Trainingspl\u00e4ne f\u00fcr Kunden erstellt. \u00a0<\/p>\n<p>Mit meiner ersten Schwangerschaft kamen die Fortbildungen zur Pr\u00e4- und Postnatal Trainerin, sowie Pilates hinzu.<\/p>\n<p>Mittlerweile kamen schon weitere Fortbildungen dazu und es werden noch einige folgen.<\/p>\n<p>Mit all den Ausbildungen, Erfahrungen und Entwicklungen wei\u00df ich, dass heute ein gesamtheitliches Training aus Kraft-, Ausdauersport, Mobilit\u00e4t und Entspannung wichtig f\u00fcr einen aktiven und erf\u00fcllten Alltag ist.<\/p>\n<p>Mir ist es wichtig mich regelm\u00e4\u00dfig fort- und weiterzubilden um dich in jeder Situation und Lage begleiten und unterst\u00fctzen zu k\u00f6nnen.\u00a0<\/p>\n<p>\u00a0<\/p>\n<p><u>Qualifikationen:<\/u><\/p>\n<p>Fitness- und Gesundheitstrainerin<\/p>\n<p>R\u00fcckbildungsexpertin<\/p>\n<p>Pr\u00e4- und Postnatale Fitnesstrainerin<\/p>\n<p>Fitness mit Buggy\/Kinderwagen<\/p>\n<p>Faszien Trainerin<\/p>\n<p>Trainerin f\u00fcr Faszien-Yoga<\/p>\t\t\t\t\t\t\t\t<\/div>\n\t\t\t\t<\/div>\n\t\t\t\t\t<\/div>\n\t\t<\/div>\n\t\t\t\t\t<\/div>\n\t\t<\/section>\n\t\t\t\t\t<\/div>\n\t\t<\/div>\n\t\t\t\t\t<\/div>\n\t\t<\/section>\n\t\t\t\t<\/div>\n\t\t","protected":false},"excerpt":{"rendered":"<p>Wer bin ich: Mein Vorbild ist Pippi Langstrumpf. Leichtigkeit und Freude am Leben, wir haben doch nur dieses eine Leben.\u00a0 Der Alltag wird immer stressiger. Ein gesunder Lebensstil f\u00e4llt oft hinten runter. Ziel ist es immer \u00e4lter zu werden und viel zu erleben. Und genau daf\u00fcr ist ein gesunder und starker K\u00f6rper essenziell. Der Alltag [&hellip;]<\/p>\n","protected":false},"author":1,"featured_media":0,"parent":0,"menu_order":0,"comment_status":"closed","ping_status":"closed","template":"","meta":{"footnotes":""},"class_list":["post-58","page","type-page","status-publish","hentry"],"_links":{"self":[{"href":"https:\/\/reva-soluna.de\/index.php?rest_route=\/wp\/v2\/pages\/58","targetHints":{"allow":["GET"]}}],"collection":[{"href":"https:\/\/reva-soluna.de\/index.php?rest_route=\/wp\/v2\/pages"}],"about":[{"href":"https:\/\/reva-soluna.de\/index.php?rest_route=\/wp\/v2\/types\/page"}],"author":[{"embeddable":true,"href":"https:\/\/reva-soluna.de\/index.php?rest_route=\/wp\/v2\/users\/1"}],"replies":[{"embeddable":true,"href":"https:\/\/reva-soluna.de\/index.php?rest_route=%2Fwp%2Fv2%2Fcomments&post=58"}],"version-history":[{"count":12,"href":"https:\/\/reva-soluna.de\/index.php?rest_route=\/wp\/v2\/pages\/58\/revisions"}],"predecessor-version":[{"id":566,"href":"https:\/\/reva-soluna.de\/index.php?rest_route=\/wp\/v2\/pages\/58\/revisions\/566"}],"wp:attachment":[{"href":"https:\/\/reva-soluna.de\/index.php?rest_route=%2Fwp%2Fv2%2Fmedia&parent=58"}],"curies":[{"name":"wp","href":"https:\/\/api.w.org\/{rel}","templated":true}]}}